{"id":2,"date":"2016-04-08T11:26:02","date_gmt":"2016-04-08T11:26:02","guid":{"rendered":"http:\/\/www.obsteadragoslavele.ro\/?page_id=2"},"modified":"2021-05-29T10:49:36","modified_gmt":"2021-05-29T07:49:36","slug":"pagina-exemplu","status":"publish","type":"page","link":"https:\/\/www.obsteadragoslavele.ro\/?page_id=2","title":{"rendered":"Adunarea generala"},"content":{"rendered":"<p>[et_pb_section fb_built=&#8221;1&#8243; _builder_version=&#8221;4.4.7&#8243;][et_pb_row disabled_on=&#8221;on|on|on&#8221; _builder_version=&#8221;4.9.4&#8243; height=&#8221;50px&#8221; disabled=&#8221;on&#8221;][et_pb_column type=&#8221;4_4&#8243; _builder_version=&#8221;4.4.7&#8243;][et_pb_divider color=&#8221;#7cda24&#8243; _builder_version=&#8221;4.4.7&#8243;][\/et_pb_divider][\/et_pb_column][\/et_pb_row][et_pb_row disabled_on=&#8221;on|on|on&#8221; _builder_version=&#8221;4.9.4&#8243; _module_preset=&#8221;default&#8221; disabled=&#8221;on&#8221;][et_pb_column type=&#8221;4_4&#8243; _builder_version=&#8221;4.9.4&#8243; _module_preset=&#8221;default&#8221;][et_pb_login title=&#8221;Conectare membrii&#8221; current_page_redirect=&#8221;on&#8221; admin_label=&#8221;Conectare membrii&#8221; _builder_version=&#8221;4.9.4&#8243; _module_preset=&#8221;default&#8221; background_color=&#8221;#7CDA24&#8243;][\/et_pb_login][\/et_pb_column][\/et_pb_row][et_pb_row _builder_version=&#8221;4.4.7&#8243; height=&#8221;50px&#8221;][et_pb_column type=&#8221;4_4&#8243; _builder_version=&#8221;4.4.7&#8243;][et_pb_divider color=&#8221;#7cda24&#8243; _builder_version=&#8221;4.4.7&#8243;][\/et_pb_divider][\/et_pb_column][\/et_pb_row][et_pb_row _builder_version=&#8221;4.4.7&#8243;][et_pb_column type=&#8221;4_4&#8243; _builder_version=&#8221;4.4.7&#8243;][et_pb_blog fullwidth=&#8221;off&#8221; posts_number=&#8221;12&#8243; include_categories=&#8221;5&#8243; use_manual_excerpt=&#8221;off&#8221; excerpt_length=&#8221;0&#8243; show_author=&#8221;off&#8221; show_categories=&#8221;off&#8221; show_excerpt=&#8221;off&#8221; _builder_version=&#8221;4.4.7&#8243;][\/et_pb_blog][\/et_pb_column][\/et_pb_row][\/et_pb_section][et_pb_section fb_built=&#8221;1&#8243; _builder_version=&#8221;4.9.4&#8243; _module_preset=&#8221;default&#8221;][\/et_pb_section]<\/p>\n","protected":false},"excerpt":{"rendered":"","protected":false},"author":1,"featured_media":0,"parent":0,"menu_order":0,"comment_status":"closed","ping_status":"open","template":"","meta":{"_et_pb_use_builder":"on","_et_pb_old_content":"Aceasta este o pagin\u0103 exemplu. Este diferit\u0103 de un articol deoarece va r\u0103m\u00e2ne \u00een acela\u0219i loc \u0219i va ap\u0103rea \u00een navigarea sitului t\u0103u (\u00een majoritatea temelor). Multe persoane vor \u00eencepe cu o pagin\u0103 denumit\u0103 \u201eDespre\u201d care va con\u021bine o descriere pentru poten\u021bialii vizitatori. Ai putea spune ceva de genul:\\n\n\\n\n<blockquote>Salut! Ziua sunt curier, iar noaptea actor \u00een devenire, acesta este blogul meu. Locuiesc \u00een Cluj, am un c\u00e2ine flocos pe nume Bruno \u0219i \u00eemi place vinul ro\u0219u. (\u00cemi mai place s\u0103 m\u0103 plimb prin ploaie).<\/blockquote>\n\\n\n\\n\n...sau ceva de genul acesta: \\n\n\\n\n<blockquote>Fabrica Juc\u0103ria a fost fondat\u0103 \u00een anul 1971 \u0219i ofer\u0103 juc\u0103rii de calitate de peste 40 de ani. Cu sediul \u00een Ora\u0219ul Minunilor \u0219i peste 2000 de angaja\u021bi, Juc\u0103ria ajut\u0103 ca nicio alt\u0103 compania comunitatea din Ora\u0219ul Minunilor.<\/blockquote>\n\\n\n\\n\nCa utilizator nou de WordPress, ar trebui s\u0103 intri \u00een <a href=\"http:\/\/www.obsteadragoslavele.ro\/wp-admin\/\">panoul de control<\/a>, s\u0103 \u0219tergi aceast\u0103 pagin\u0103 \u0219i s\u0103 creezi pagini noi. Spor s\u0103 ai!","_et_gb_content_width":"","footnotes":""},"class_list":["post-2","page","type-page","status-publish","hentry"],"_links":{"self":[{"href":"https:\/\/www.obsteadragoslavele.ro\/index.php?rest_route=\/wp\/v2\/pages\/2","targetHints":{"allow":["GET"]}}],"collection":[{"href":"https:\/\/www.obsteadragoslavele.ro\/index.php?rest_route=\/wp\/v2\/pages"}],"about":[{"href":"https:\/\/www.obsteadragoslavele.ro\/index.php?rest_route=\/wp\/v2\/types\/page"}],"author":[{"embeddable":true,"href":"https:\/\/www.obsteadragoslavele.ro\/index.php?rest_route=\/wp\/v2\/users\/1"}],"replies":[{"embeddable":true,"href":"https:\/\/www.obsteadragoslavele.ro\/index.php?rest_route=%2Fwp%2Fv2%2Fcomments&post=2"}],"version-history":[{"count":28,"href":"https:\/\/www.obsteadragoslavele.ro\/index.php?rest_route=\/wp\/v2\/pages\/2\/revisions"}],"predecessor-version":[{"id":528,"href":"https:\/\/www.obsteadragoslavele.ro\/index.php?rest_route=\/wp\/v2\/pages\/2\/revisions\/528"}],"wp:attachment":[{"href":"https:\/\/www.obsteadragoslavele.ro\/index.php?rest_route=%2Fwp%2Fv2%2Fmedia&parent=2"}],"curies":[{"name":"wp","href":"https:\/\/api.w.org\/{rel}","templated":true}]}}