{"id":37,"date":"2016-04-08T12:57:38","date_gmt":"2016-04-08T12:57:38","guid":{"rendered":"http:\/\/www.obsteadragoslavele.ro\/?page_id=37"},"modified":"2020-05-29T00:10:11","modified_gmt":"2020-05-28T21:10:11","slug":"istoric","status":"publish","type":"page","link":"https:\/\/www.obsteadragoslavele.ro\/","title":{"rendered":"Istoric"},"content":{"rendered":"<p>[et_pb_section fb_built=&#8221;1&#8243; fullwidth=&#8221;on&#8221; admin_label=&#8221;section&#8221; _builder_version=&#8221;3.22&#8243;][et_pb_fullwidth_slider admin_label=&#8221;PrimaPagina&#8221; _builder_version=&#8221;3.16&#8243; custom_padding=&#8221;|||&#8221; custom_padding_tablet=&#8221;|||&#8221; custom_padding_phone=&#8221;|||&#8221; box_shadow_style=&#8221;preset6&#8243; box_shadow_blur=&#8221;10px&#8221; box_shadow_color=&#8221;rgba(0,0,0,0.1)&#8221; button_letter_spacing_hover=&#8221;0&#8243; remove_inner_shadow=&#8221;off&#8221; hide_content_on_mobile=&#8221;off&#8221; hide_cta_on_mobile=&#8221;off&#8221; show_inner_shadow=&#8221;on&#8221; button_text_size__hover_enabled=&#8221;off&#8221; button_one_text_size__hover_enabled=&#8221;off&#8221; button_two_text_size__hover_enabled=&#8221;off&#8221; button_text_color__hover_enabled=&#8221;off&#8221; button_one_text_color__hover_enabled=&#8221;off&#8221; button_two_text_color__hover_enabled=&#8221;off&#8221; button_border_width__hover_enabled=&#8221;off&#8221; button_one_border_width__hover_enabled=&#8221;off&#8221; button_two_border_width__hover_enabled=&#8221;off&#8221; button_border_color__hover_enabled=&#8221;off&#8221; button_one_border_color__hover_enabled=&#8221;off&#8221; button_two_border_color__hover_enabled=&#8221;off&#8221; button_border_radius__hover_enabled=&#8221;off&#8221; button_one_border_radius__hover_enabled=&#8221;off&#8221; button_two_border_radius__hover_enabled=&#8221;off&#8221; button_letter_spacing__hover_enabled=&#8221;on&#8221; button_letter_spacing__hover=&#8221;0&#8243; button_one_letter_spacing__hover_enabled=&#8221;off&#8221; button_two_letter_spacing__hover_enabled=&#8221;off&#8221; button_bg_color__hover_enabled=&#8221;off&#8221; button_one_bg_color__hover_enabled=&#8221;off&#8221; button_two_bg_color__hover_enabled=&#8221;off&#8221;][et_pb_slide heading=&#8221;Obstea Mosnenilor Dragoslaveni&#8221; button_text=&#8221;Continuare&#8230;&#8221; button_link=&#8221;http:\/\/www.obsteadragoslavele.ro\/?p=92&#8243; image=&#8221;http:\/\/www.obsteadragoslavele.ro\/wp-content\/uploads\/2016\/04\/planul_padurilor_mosnenilor_dragoslaveni.jpg&#8221; use_bg_overlay=&#8221;off&#8221; use_text_overlay=&#8221;off&#8221; _builder_version=&#8221;3.16&#8243; header_font=&#8221;||||&#8221; body_font=&#8221;||||&#8221; background_color=&#8221;#f7f7f7&#8243; button_icon_placement=&#8221;right&#8221; button_on_hover=&#8221;on&#8221; background_layout=&#8221;light&#8221; button_text_size__hover_enabled=&#8221;off&#8221; button_one_text_size__hover_enabled=&#8221;off&#8221; button_two_text_size__hover_enabled=&#8221;off&#8221; button_text_color__hover_enabled=&#8221;off&#8221; button_one_text_color__hover_enabled=&#8221;off&#8221; button_two_text_color__hover_enabled=&#8221;off&#8221; button_border_width__hover_enabled=&#8221;off&#8221; button_one_border_width__hover_enabled=&#8221;off&#8221; button_two_border_width__hover_enabled=&#8221;off&#8221; button_border_color__hover_enabled=&#8221;off&#8221; button_one_border_color__hover_enabled=&#8221;off&#8221; button_two_border_color__hover_enabled=&#8221;off&#8221; button_border_radius__hover_enabled=&#8221;off&#8221; button_one_border_radius__hover_enabled=&#8221;off&#8221; button_two_border_radius__hover_enabled=&#8221;off&#8221; button_letter_spacing__hover_enabled=&#8221;off&#8221; button_one_letter_spacing__hover_enabled=&#8221;off&#8221; button_two_letter_spacing__hover_enabled=&#8221;off&#8221; button_bg_color__hover_enabled=&#8221;off&#8221; button_one_bg_color__hover_enabled=&#8221;off&#8221; button_two_bg_color__hover_enabled=&#8221;off&#8221;]\u00cen \u00eentreaga sa evolu\u0163ie istoric\u0103, din vechime \u015fi p\u00e2n\u0103 \u00een epoca regimului comunist, satul Dragoslavele a fost locuit de o \u0163\u0103r\u0103nime liber\u0103, nedependent\u0103 de clasa boiereasc\u0103, numit\u0103 \u00een documente, mo\u015fneni.<\/p>\n<p>Termenul de mo\u015fnean \u00ee\u015fi are originea \u00een cuvintele mo\u015fie, p\u0103m\u00e2nt cu mo\u015ftenire, ceea ce arat\u0103 calitatea acestor s\u0103teni ca oameni liberi.<\/p>\n<p>Nicolae Iorga considera \u00eentemeierea satului rom\u00e2nesc printr-un str\u0103mo\u015f comun, care devine pentru genera\u0163iile urm\u0103toare un &#8222;<i>erou eponim<\/i>&#8222;: &#8222;<i>Satele noastre se numesc dup\u0103 str\u0103mo\u015ful care le-a \u00eentemeiat \u015fi to\u0163i care locuiesc \u00eenl\u0103untru, sunt rude. C\u00e2nd zicem \u00absatul Negre\u015fti\u00bb aceasta \u00eensemneaz\u0103 c\u0103 to\u0163i se coboar\u0103 din mo\u015ful Negrea, iar dac\u0103 s\u00eent str\u0103ini, apoi aceia nu pot s\u0103 fie dec\u00e2t elemente adoptate prin c\u0103s\u0103torie. De aci \u00abtata socru\u00bb, \u00abmama soacr\u0103\u00bb, fiindc\u0103 \u00een adev\u0103r ace\u015ftia devin tat\u0103l \u015fi mama celui adoptat prin c\u0103s\u0103torie, intrat \u00een comunitatea aceasta a mo\u015fiei, care \u00abmo\u015fie\u00bb \u00eenseamn\u0103 \u015fi descenden\u0163a de la mo\u015f \u015fi \u00eenseamn\u0103 \u015fi st\u0103p\u00e2nirea de p\u0103m\u00e2nt \u00een dev\u0103lm\u0103\u015fie la \u00eenceput fiecare lucr\u00e2nd at\u00e2t c\u00e2t putea lucra \u015fi culeg\u00e2nd at\u00e2ta c\u00e2t \u00eei trebuia<\/i>.&#8221;<br \/>\n[\/et_pb_slide][\/et_pb_fullwidth_slider][\/et_pb_section][et_pb_section fb_built=&#8221;1&#8243; custom_padding_last_edited=&#8221;on|desktop&#8221; admin_label=&#8221;Sec\u021biune&#8221; _builder_version=&#8221;3.22&#8243; background_color=&#8221;#85bc5e&#8221; custom_padding_tablet=&#8221;50px|0|50px|0&#8243; custom_padding_phone=&#8221;&#8221; transparent_background=&#8221;off&#8221; padding_mobile=&#8221;off&#8221;][et_pb_row column_structure=&#8221;1_4,1_4,1_4,1_4&#8243; padding_mobile=&#8221;off&#8221; column_padding_mobile=&#8221;on&#8221; admin_label=&#8221;R\u00e2nd&#8221; _builder_version=&#8221;3.25&#8243; background_color=&#8221;#85bc5e&#8221; background_size=&#8221;initial&#8221; background_position=&#8221;top_left&#8221; background_repeat=&#8221;repeat&#8221;][et_pb_column type=&#8221;1_4&#8243; _builder_version=&#8221;3.25&#8243; custom_padding=&#8221;|||&#8221; custom_padding__hover=&#8221;|||&#8221;][et_pb_number_counter title=&#8221;Suprafata de padure administrata de obste (ha)&#8221; number=&#8221;7931&#8243; percent_sign=&#8221;off&#8221; counter_color=&#8221;#000000&#8243; admin_label=&#8221;Contor Num\u0103r&#8221; _builder_version=&#8221;3.21.1&#8243; number_font_size=&#8221;50&#8243; background_color=&#8221;#85bc5e&#8221; background_size=&#8221;initial&#8221; background_position=&#8221;top_left&#8221; background_repeat=&#8221;repeat&#8221; use_border_color=&#8221;off&#8221; border_color=&#8221;#ffffff&#8221; border_style=&#8221;solid&#8221;] [\/et_pb_number_counter][\/et_pb_column][et_pb_column type=&#8221;1_4&#8243; _builder_version=&#8221;3.25&#8243; custom_padding=&#8221;|||&#8221; custom_padding__hover=&#8221;|||&#8221;][et_pb_number_counter title=&#8221;Dramuri mari&#8221; number=&#8221;8339&#8243; percent_sign=&#8221;off&#8221; counter_color=&#8221;#000000&#8243; admin_label=&#8221;Contor Num\u0103r&#8221; _builder_version=&#8221;3.21.1&#8243; number_font_size=&#8221;50&#8243; background_color=&#8221;#85bc5e&#8221; background_size=&#8221;initial&#8221; background_position=&#8221;top_left&#8221; background_repeat=&#8221;repeat&#8221; use_border_color=&#8221;off&#8221; border_color=&#8221;#ffffff&#8221; border_style=&#8221;solid&#8221;] [\/et_pb_number_counter][\/et_pb_column][et_pb_column type=&#8221;1_4&#8243; _builder_version=&#8221;3.25&#8243; custom_padding=&#8221;|||&#8221; custom_padding__hover=&#8221;|||&#8221;][et_pb_number_counter title=&#8221;Dramuri mici padure&#8221; number=&#8221;1308&#8243; percent_sign=&#8221;off&#8221; counter_color=&#8221;#000000&#8243; admin_label=&#8221;Contor Num\u0103r&#8221; _builder_version=&#8221;3.21.1&#8243; number_font_size=&#8221;50&#8243; background_color=&#8221;#85bc5e&#8221; background_size=&#8221;initial&#8221; background_position=&#8221;top_left&#8221; background_repeat=&#8221;repeat&#8221; use_border_color=&#8221;off&#8221; border_color=&#8221;#ffffff&#8221; border_style=&#8221;solid&#8221;] [\/et_pb_number_counter][\/et_pb_column][et_pb_column type=&#8221;1_4&#8243; _builder_version=&#8221;3.25&#8243; custom_padding=&#8221;|||&#8221; custom_padding__hover=&#8221;|||&#8221;][et_pb_number_counter title=&#8221;Dramuri mici pasune&#8221; number=&#8221;1330&#8243; percent_sign=&#8221;off&#8221; counter_color=&#8221;#000000&#8243; admin_label=&#8221;Contor Num\u0103r&#8221; _builder_version=&#8221;3.21.1&#8243; number_font_size=&#8221;50&#8243; background_color=&#8221;#85bc5e&#8221; background_size=&#8221;initial&#8221; background_position=&#8221;top_left&#8221; background_repeat=&#8221;repeat&#8221; use_border_color=&#8221;off&#8221; border_color=&#8221;#ffffff&#8221; border_style=&#8221;solid&#8221;] [\/et_pb_number_counter][\/et_pb_column][\/et_pb_row][\/et_pb_section]<\/p>\n","protected":false},"excerpt":{"rendered":"<p>\u00cen \u00eentreaga sa evolu\u0163ie istoric\u0103, din vechime \u015fi p\u00e2n\u0103 \u00een epoca regimului comunist, satul Dragoslavele a fost locuit de o \u0163\u0103r\u0103nime liber\u0103, nedependent\u0103 de clasa boiereasc\u0103, numit\u0103 \u00een documente, mo\u015fneni. Termenul de mo\u015fnean \u00ee\u015fi are originea \u00een cuvintele mo\u015fie, p\u0103m\u00e2nt cu mo\u015ftenire, ceea ce arat\u0103 calitatea acestor s\u0103teni ca oameni liberi. Nicolae Iorga considera \u00eentemeierea [&hellip;]<\/p>\n","protected":false},"author":1,"featured_media":0,"parent":0,"menu_order":0,"comment_status":"closed","ping_status":"closed","template":"","meta":{"_et_pb_use_builder":"on","_et_pb_old_content":"","_et_gb_content_width":"","footnotes":""},"class_list":["post-37","page","type-page","status-publish","hentry"],"_links":{"self":[{"href":"https:\/\/www.obsteadragoslavele.ro\/index.php?rest_route=\/wp\/v2\/pages\/37","targetHints":{"allow":["GET"]}}],"collection":[{"href":"https:\/\/www.obsteadragoslavele.ro\/index.php?rest_route=\/wp\/v2\/pages"}],"about":[{"href":"https:\/\/www.obsteadragoslavele.ro\/index.php?rest_route=\/wp\/v2\/types\/page"}],"author":[{"embeddable":true,"href":"https:\/\/www.obsteadragoslavele.ro\/index.php?rest_route=\/wp\/v2\/users\/1"}],"replies":[{"embeddable":true,"href":"https:\/\/www.obsteadragoslavele.ro\/index.php?rest_route=%2Fwp%2Fv2%2Fcomments&post=37"}],"version-history":[{"count":44,"href":"https:\/\/www.obsteadragoslavele.ro\/index.php?rest_route=\/wp\/v2\/pages\/37\/revisions"}],"predecessor-version":[{"id":454,"href":"https:\/\/www.obsteadragoslavele.ro\/index.php?rest_route=\/wp\/v2\/pages\/37\/revisions\/454"}],"wp:attachment":[{"href":"https:\/\/www.obsteadragoslavele.ro\/index.php?rest_route=%2Fwp%2Fv2%2Fmedia&parent=37"}],"curies":[{"name":"wp","href":"https:\/\/api.w.org\/{rel}","templated":true}]}}